{"id":45,"date":"2026-04-08T20:56:08","date_gmt":"2026-04-08T18:56:08","guid":{"rendered":"https:\/\/achterbahn-marc.de\/?page_id=45"},"modified":"2026-04-08T20:56:08","modified_gmt":"2026-04-08T18:56:08","slug":"impressum","status":"publish","type":"page","link":"https:\/\/achterbahn-marc.de\/?page_id=45","title":{"rendered":"Impressum"},"content":{"rendered":"\n<h1 class=\"wp-block-heading\">Impressum<\/h1>\n\n\n\n<p>Achterbahn-Marc.de<br>info@achterbahn-marc.de<br>Adresse auf Anfrage<\/p>\n\n\n\n<p><strong>Nutzungsrecht:<\/strong><\/p>\n\n\n\n<p>Alle Inhalte dieser Websites einschlie\u00dflich der Gestaltung und Programmierung unterliegen dem Urheberrecht (Copyright). Alle Rechte vorbehalten, alle Angaben ohne Gew\u00e4hr, \u00c4nderungen vorbehalten. Die Verwendung von Text-, Musik-, Video- und Bildmaterial ist nur mit ausdr\u00fccklicher Genehmigung von Achterbahn-Marc.<\/p>\n\n\n\n<p><strong>Haftung f\u00fcr Links:<\/strong><\/p>\n\n\n\n<p>Mit dem Urteil vom 12. September 1999 \u2013 312 O 85\/99 \u00ad \u2018Haftung f\u00fcr Links\u2019 \u00ad hat das Landgericht Hamburg entschieden, dass man durch die Ausbringung eines Links die Inhalte der gelinkten Seite ggf. mit zu verantworten hat. Dieses kann \u2013 so das LG \u2013 nur dadurch verhindert werden, dass man sich ausdr\u00fccklich von diesen Inhalten distanziert. Hiermit distanzieren wir uns ausdr\u00fccklich von allen Inhalten verlinkter Seiten oder Grafiken und machen uns diese keinesfalls zu eigen. S\u00e4mtliche Verst\u00f6\u00dfe gegen geltendes Recht, Sitte oder Moral, welche uns bekannt werden, haben sofortige L\u00f6schung von Links, Eintr\u00e4gen, Grafiken oder \u00e4hnlichem zur Folge.<\/p>\n\n\n\n<p>Bei direkten oder indirekten Verweisen auf fremde Internetseiten (\u201cLinks\u201d), die au\u00dferhalb des Verantwortungsbereiches von https:\/\/www.achterbahn-marc.de liegen, w\u00fcrde eine Haftungsverpflichtung ausschlie\u00dflich dann in Kraft treten, wenn wir von den Inhalten Kenntnis h\u00e4tten und es technisch m\u00f6glich und zumutbar w\u00e4re, die Nutzung im Falle rechtswidriger Inhalte zu verhindern. Wir erkl\u00e4ren daher ausdr\u00fccklich, dass zum Zeitpunkt der Linksetzung die entsprechenden verlinkten Seiten frei von illegalen Inhalten waren. Der Autor hat keinerlei Einfluss auf die aktuelle und zuk\u00fcnftige Gestaltung und auf die Inhalte der gelinkten\/verkn\u00fcpften Seiten. Deshalb distanzieren wir uns hiermit ausdr\u00fccklich von allen Inhalten aller gelinkten\/verkn\u00fcpften Seiten, die nach der Linksetzung ver\u00e4ndert wurden. Diese Feststellung gilt f\u00fcr alle innerhalb des eigenen Internetangebotes gesetzten Links und Verweise sowie f\u00fcr Fremdeintr\u00e4ge in von den Autoren eingerichteten G\u00e4steb\u00fcchern, Diskussionsforen und Mailinglisten. F\u00fcr illegale, fehlerhafte oder unvollst\u00e4ndige Inhalte und insbesondere f\u00fcr Sch\u00e4den, die aus der Nutzung oder Nichtnutzung solcherart dargebotener Informationen entstehen, haftet allein der Anbieter der Seite, auf welche verwiesen wurde, nicht derjenige, der \u00fcber Links auf die jeweilige Ver\u00f6ffentlichung lediglich verweist.<\/p>\n\n\n\n<p><strong>Haftungshinweis:<\/strong><\/p>\n\n\n\n<p>Trotz sorgf\u00e4ltiger inhaltlicher Kontrolle \u00fcbernehmen wir keine Haftung f\u00fcr die Inhalte externer Links. F\u00fcr den Inhalt der verlinkten Seiten sind ausschlie\u00dflich deren Betreiber verantwortlich. Alternative Streitbeilegung gem\u00e4\u00df Art. 14 Abs. 1 ODR-VO und \u00a7 36 VSBG: Die Europ\u00e4ische Kommission stellt eine Plattform zur Online-Streitbeilegung (OS) bereit, die du unter https:\/\/ec.europa.eu\/consumers\/odr findest. Zur Teilnahme an einem Streitbeilegungsverfahren vor einer Verbraucherschlichtungsstelle sind wir nicht verpflichtet und nicht bereit.<\/p>\n\n\n\n<p><strong>Plattform der EU-Kommission zur Online-Streitbeilegung:<\/strong><\/p>\n\n\n\n<p><a href=\"https:\/\/ec.europa.eu\/odr\">https:\/\/ec.europa.eu\/odr<\/a><\/p>\n\n\n\n<p>Wir sind zur Teilnahme an einem Streitbeilegungsverfahren vor einer Verbraucherschlichtungsstelle weder verpflichtet noch bereit.<\/p>\n\n\n\n<p><\/p>\n","protected":false},"excerpt":{"rendered":"<p>Impressum Achterbahn-Marc.deinfo@achterbahn-marc.deAdresse auf Anfrage Nutzungsrecht: Alle Inhalte dieser Websites einschlie\u00dflich der Gestaltung und Programmierung unterliegen dem Urheberrecht (Copyright). Alle Rechte vorbehalten, alle Angaben ohne Gew\u00e4hr, \u00c4nderungen vorbehalten. Die Verwendung von Text-, Musik-, Video- und Bildmaterial ist nur mit ausdr\u00fccklicher Genehmigung von Achterbahn-Marc. Haftung f\u00fcr Links: Mit dem Urteil vom 12. September 1999 \u2013 312 O [&hellip;]<\/p>\n","protected":false},"author":1,"featured_media":0,"parent":0,"menu_order":0,"comment_status":"closed","ping_status":"closed","template":"","meta":{"footnotes":""},"class_list":["post-45","page","type-page","status-publish","hentry"],"blocksy_meta":[],"_links":{"self":[{"href":"https:\/\/achterbahn-marc.de\/index.php?rest_route=\/wp\/v2\/pages\/45","targetHints":{"allow":["GET"]}}],"collection":[{"href":"https:\/\/achterbahn-marc.de\/index.php?rest_route=\/wp\/v2\/pages"}],"about":[{"href":"https:\/\/achterbahn-marc.de\/index.php?rest_route=\/wp\/v2\/types\/page"}],"author":[{"embeddable":true,"href":"https:\/\/achterbahn-marc.de\/index.php?rest_route=\/wp\/v2\/users\/1"}],"replies":[{"embeddable":true,"href":"https:\/\/achterbahn-marc.de\/index.php?rest_route=%2Fwp%2Fv2%2Fcomments&post=45"}],"version-history":[{"count":1,"href":"https:\/\/achterbahn-marc.de\/index.php?rest_route=\/wp\/v2\/pages\/45\/revisions"}],"predecessor-version":[{"id":46,"href":"https:\/\/achterbahn-marc.de\/index.php?rest_route=\/wp\/v2\/pages\/45\/revisions\/46"}],"wp:attachment":[{"href":"https:\/\/achterbahn-marc.de\/index.php?rest_route=%2Fwp%2Fv2%2Fmedia&parent=45"}],"curies":[{"name":"wp","href":"https:\/\/api.w.org\/{rel}","templated":true}]}}