{"id":41,"date":"2026-04-08T20:53:22","date_gmt":"2026-04-08T18:53:22","guid":{"rendered":"https:\/\/achterbahn-marc.de\/?page_id=41"},"modified":"2026-04-09T09:43:40","modified_gmt":"2026-04-09T07:43:40","slug":"heinerfest","status":"publish","type":"page","link":"https:\/\/achterbahn-marc.de\/?page_id=41","title":{"rendered":"Heinerfest"},"content":{"rendered":"\n<p>Hallo zusammen,<\/p>\n\n\n\n<p>es ist wieder soweit \u2013 ich lade euch herzlich zu unserem gemeinsamen Community-Fest in Darmstadt ein! Anlass ist das beliebte Heinerfest, eines der gr\u00f6\u00dften und sch\u00f6nsten Stadtfeste der Region. Freut euch auf eine tolle Zeit mit vielen gemeinsamen Erlebnissen, guter Stimmung und nat\u00fcrlich jeder Menge Spa\u00df.<\/p>\n\n\n\n<div class=\"wp-block-columns is-layout-flex wp-container-core-columns-is-layout-28f84493 wp-block-columns-is-layout-flex\">\n<div class=\"wp-block-column is-layout-flow wp-block-column-is-layout-flow\">\n<div class=\"wp-block-media-text has-media-on-the-right is-stacked-on-mobile\" style=\"grid-template-columns:auto 31%\"><div class=\"wp-block-media-text__content\">\n<p>\ud83d\udcc5 <strong>Datum:<\/strong> 02.07. \u2013 05.07. <br>\ud83d\udccd <strong>Ort:<\/strong> Darmstadt \u2013 rund um das Heinerfest-Gel\u00e4nde<\/p>\n<\/div><figure class=\"wp-block-media-text__media\"><img loading=\"lazy\" decoding=\"async\" width=\"386\" height=\"623\" src=\"https:\/\/achterbahn-marc.de\/wp-content\/uploads\/2026\/04\/Screenshot-2026-04-09-093824-1.jpg\" alt=\"\" class=\"wp-image-75 size-full\" srcset=\"https:\/\/achterbahn-marc.de\/wp-content\/uploads\/2026\/04\/Screenshot-2026-04-09-093824-1.jpg 386w, https:\/\/achterbahn-marc.de\/wp-content\/uploads\/2026\/04\/Screenshot-2026-04-09-093824-1-186x300.jpg 186w\" sizes=\"auto, (max-width: 386px) 100vw, 386px\" \/><\/figure><\/div>\n<\/div>\n\n\n\n<div class=\"wp-block-column is-layout-flow wp-block-column-is-layout-flow\"><\/div>\n<\/div>\n\n\n\n<p>Egal ob ihr schon lange Teil der Community seid oder neu dazukommt \u2013 jeder ist willkommen! Geplant sind gemeinsame Besuche auf dem Fest, lockeres Zusammensitzen, Austausch und einfach eine gute Zeit miteinander. Das Heinerfest bietet mit seinen Fahrgesch\u00e4ften, St\u00e4nden und B\u00fchnenprogramm die perfekte Kulisse f\u00fcr unser Treffen.<\/p>\n\n\n\n<p>\ud83c\udfe8 <strong>Unterkunft:<\/strong><br>Als gemeinsamer Treffpunkt f\u00fcr die \u00dcbernachtung habe ich das <em>Welcome City Hotel Darmstadt<\/em> vorgesehen. Bitte beachtet, dass die Zimmer eigenst\u00e4ndig gebucht werden m\u00fcssen. Es empfiehlt sich, fr\u00fchzeitig zu reservieren, da das Heinerfest viele Besucher anzieht.<\/p>\n\n\n\n<p>Mehr Infos zum Hotel: <a href=\"https:\/\/www.welcome-hotels.com\/hotels\/darmstadt\/\">https:\/\/www.welcome-hotels.com\/hotels\/darmstadt\/<\/a><\/p>\n\n\n\n<p>Da das Hotel direkt an das Fest angebunden ist, haben wir hier auch gen\u00fcgend Sitzm\u00f6glichkeiten und k\u00f6nnen den Tag aus von hier starten. <\/p>\n\n\n\n<p>Ich freue mich riesig darauf, viele von euch wieder pers\u00f6nlich zu treffen und einige auch das erste mal. Gemeinsam werden wir ein unvergessliches Wochenende zusammen verbringen.<\/p>\n\n\n\n<p>Viele Gr\u00fc\u00dfe<br><strong>Achterbahn-Marc<\/strong><\/p>\n\n\n\n<p><\/p>\n","protected":false},"excerpt":{"rendered":"<p>Hallo zusammen, es ist wieder soweit \u2013 ich lade euch herzlich zu unserem gemeinsamen Community-Fest in Darmstadt ein! Anlass ist das beliebte Heinerfest, eines der gr\u00f6\u00dften und sch\u00f6nsten Stadtfeste der Region. Freut euch auf eine tolle Zeit mit vielen gemeinsamen Erlebnissen, guter Stimmung und nat\u00fcrlich jeder Menge Spa\u00df. \ud83d\udcc5 Datum: 02.07. \u2013 05.07. \ud83d\udccd Ort: [&hellip;]<\/p>\n","protected":false},"author":1,"featured_media":0,"parent":0,"menu_order":0,"comment_status":"closed","ping_status":"closed","template":"","meta":{"footnotes":""},"class_list":["post-41","page","type-page","status-publish","hentry"],"blocksy_meta":[],"_links":{"self":[{"href":"https:\/\/achterbahn-marc.de\/index.php?rest_route=\/wp\/v2\/pages\/41","targetHints":{"allow":["GET"]}}],"collection":[{"href":"https:\/\/achterbahn-marc.de\/index.php?rest_route=\/wp\/v2\/pages"}],"about":[{"href":"https:\/\/achterbahn-marc.de\/index.php?rest_route=\/wp\/v2\/types\/page"}],"author":[{"embeddable":true,"href":"https:\/\/achterbahn-marc.de\/index.php?rest_route=\/wp\/v2\/users\/1"}],"replies":[{"embeddable":true,"href":"https:\/\/achterbahn-marc.de\/index.php?rest_route=%2Fwp%2Fv2%2Fcomments&post=41"}],"version-history":[{"count":5,"href":"https:\/\/achterbahn-marc.de\/index.php?rest_route=\/wp\/v2\/pages\/41\/revisions"}],"predecessor-version":[{"id":76,"href":"https:\/\/achterbahn-marc.de\/index.php?rest_route=\/wp\/v2\/pages\/41\/revisions\/76"}],"wp:attachment":[{"href":"https:\/\/achterbahn-marc.de\/index.php?rest_route=%2Fwp%2Fv2%2Fmedia&parent=41"}],"curies":[{"name":"wp","href":"https:\/\/api.w.org\/{rel}","templated":true}]}}